{"id":852,"date":"2009-10-28T16:05:55","date_gmt":"2009-10-28T16:05:55","guid":{"rendered":"https:\/\/moradiaecidadania.org.br\/index.php\/2009\/10\/28\/conselho\/"},"modified":"2022-03-07T07:25:16","modified_gmt":"2022-03-07T10:25:16","slug":"conselho","status":"publish","type":"page","link":"https:\/\/moradiaecidadania.org.br\/restrito\/conselho\/","title":{"rendered":"Conselho Deliberativo Gest\u00e3o 2022 &#8211; 2025"},"content":{"rendered":"<figure><img decoding=\"async\" width=\"800\" height=\"800\" src=\"https:\/\/moradiaecidadania.org.br\/restritowp-content\/uploads\/2021\/11\/Edenia.png\" alt=\"\" loading=\"lazy\" \/><\/figure>\n<h3>Ed\u00eania Lopes<\/h3>\n<figure><img decoding=\"async\" width=\"800\" height=\"800\" src=\"https:\/\/moradiaecidadania.org.br\/restritowp-content\/uploads\/2021\/11\/Jeane.png\" alt=\"\" loading=\"lazy\" \/><\/figure>\n<h3>Jeane Guerra<\/h3>\n<figure><img decoding=\"async\" width=\"800\" height=\"800\" src=\"https:\/\/moradiaecidadania.org.br\/restritowp-content\/uploads\/2021\/11\/Joaquim-Sacramento.png\" alt=\"\" loading=\"lazy\" \/><\/figure>\n<h3>Joaquim Sacramento da Silva<\/h3>\n<figure><img decoding=\"async\" width=\"800\" height=\"800\" src=\"https:\/\/moradiaecidadania.org.br\/restritowp-content\/uploads\/2021\/11\/Marcio-Polveiro.png\" alt=\"\" loading=\"lazy\" \/><\/figure>\n<h3>M\u00e1rcio Polveiro<\/h3>\n<figure><img decoding=\"async\" width=\"800\" height=\"800\" src=\"https:\/\/moradiaecidadania.org.br\/restritowp-content\/uploads\/2021\/11\/Maria-de-Fatima.png\" alt=\"\" loading=\"lazy\" \/><\/figure>\n<h3>Maria de F\u00e1tima Costamilan<\/h3>\n<figure><img decoding=\"async\" width=\"800\" height=\"800\" src=\"https:\/\/moradiaecidadania.org.br\/restritowp-content\/uploads\/2021\/11\/Mercia-Alencastro-1-1.png\" alt=\"\" loading=\"lazy\" \/><\/figure>\n<h3>Mercia de Alencastro<\/h3>\n<figure><img decoding=\"async\" width=\"800\" height=\"800\" src=\"https:\/\/moradiaecidadania.org.br\/restritowp-content\/uploads\/2021\/11\/Rosanjilis-Busanello.png\" alt=\"\" loading=\"lazy\" \/><\/figure>\n<h3>Rosanjilis Maria Busanello<\/h3>\n<figure><img decoding=\"async\" width=\"1080\" height=\"1080\" src=\"https:\/\/moradiaecidadania.org.br\/restritowp-content\/uploads\/2022\/03\/luciane.png\" alt=\"\" loading=\"lazy\" \/><\/figure>\n<h3>Luciane Luz Pretto<br \/>suplente<\/h3>\n<figure><img decoding=\"async\" width=\"1080\" height=\"1080\" src=\"https:\/\/moradiaecidadania.org.br\/restritowp-content\/uploads\/2022\/03\/Maria-Rosa.png\" alt=\"\" loading=\"lazy\" \/><\/figure>\n<h3>Maria Rosa Pacheco Vieira<br \/>suplente<\/h3>\n<figure><img decoding=\"async\" width=\"1080\" height=\"1080\" src=\"https:\/\/moradiaecidadania.org.br\/restritowp-content\/uploads\/2022\/03\/Alvaro.png\" alt=\"\" loading=\"lazy\" \/><\/figure>\n<h3>\u00c1lvaro Augusto Hall<br \/>suplente<\/h3>\n<figure><img decoding=\"async\" width=\"1080\" height=\"1080\" src=\"https:\/\/moradiaecidadania.org.br\/restritowp-content\/uploads\/2022\/03\/elder.png\" alt=\"\" loading=\"lazy\" \/><\/figure>\n<h3>Jo\u00e3o Deom Perreira<br \/>suplente<\/h3>\n","protected":false},"excerpt":{"rendered":"<p>Ed\u00eania Lopes Jeane Guerra Joaquim Sacramento da Silva M\u00e1rcio Polveiro Maria de F\u00e1tima Costamilan Mercia de Alencastro Rosanjilis Maria Busanello Luciane Luz Prettosuplente Maria Rosa Pacheco Vieirasuplente \u00c1lvaro Augusto Hallsuplente Jo\u00e3o Deom Perreirasuplente<\/p>\n","protected":false},"author":1,"featured_media":845,"parent":0,"menu_order":119,"comment_status":"open","ping_status":"open","template":"","meta":{"_uag_custom_page_level_css":"","site-sidebar-layout":"default","site-content-layout":"","ast-site-content-layout":"default","site-content-style":"default","site-sidebar-style":"default","ast-global-header-display":"","ast-banner-title-visibility":"","ast-main-header-display":"","ast-hfb-above-header-display":"","ast-hfb-below-header-display":"","ast-hfb-mobile-header-display":"","site-post-title":"","ast-breadcrumbs-content":"","ast-featured-img":"","footer-sml-layout":"","theme-transparent-header-meta":"","adv-header-id-meta":"","stick-header-meta":"","header-above-stick-meta":"","header-main-stick-meta":"","header-below-stick-meta":"","astra-migrate-meta-layouts":"default","ast-page-background-enabled":"default","ast-page-background-meta":{"desktop":{"background-color":"var(--ast-global-color-4)","background-image":"","background-repeat":"repeat","background-position":"center center","background-size":"auto","background-attachment":"scroll","background-type":"","background-media":"","overlay-type":"","overlay-color":"","overlay-opacity":"","overlay-gradient":""},"tablet":{"background-color":"","background-image":"","background-repeat":"repeat","background-position":"center center","background-size":"auto","background-attachment":"scroll","background-type":"","background-media":"","overlay-type":"","overlay-color":"","overlay-opacity":"","overlay-gradient":""},"mobile":{"background-color":"","background-image":"","background-repeat":"repeat","background-position":"center center","background-size":"auto","background-attachment":"scroll","background-type":"","background-media":"","overlay-type":"","overlay-color":"","overlay-opacity":"","overlay-gradient":""}},"ast-content-background-meta":{"desktop":{"background-color":"var(--ast-global-color-5)","background-image":"","background-repeat":"repeat","background-position":"center center","background-size":"auto","background-attachment":"scroll","background-type":"","background-media":"","overlay-type":"","overlay-color":"","overlay-opacity":"","overlay-gradient":""},"tablet":{"background-color":"var(--ast-global-color-5)","background-image":"","background-repeat":"repeat","background-position":"center center","background-size":"auto","background-attachment":"scroll","background-type":"","background-media":"","overlay-type":"","overlay-color":"","overlay-opacity":"","overlay-gradient":""},"mobile":{"background-color":"var(--ast-global-color-5)","background-image":"","background-repeat":"repeat","background-position":"center center","background-size":"auto","background-attachment":"scroll","background-type":"","background-media":"","overlay-type":"","overlay-color":"","overlay-opacity":"","overlay-gradient":""}},"footnotes":""},"class_list":["post-852","page","type-page","status-publish","has-post-thumbnail","hentry"],"uagb_featured_image_src":{"full":false,"thumbnail":false,"medium":false,"medium_large":false,"large":false,"1536x1536":false,"2048x2048":false},"uagb_author_info":{"display_name":"gebar23","author_link":"https:\/\/moradiaecidadania.org.br\/restrito\/author\/gebar23\/"},"uagb_comment_info":0,"uagb_excerpt":"Ed\u00eania Lopes Jeane Guerra Joaquim Sacramento da Silva M\u00e1rcio Polveiro Maria de F\u00e1tima Costamilan Mercia de Alencastro Rosanjilis Maria Busanello Luciane Luz Prettosuplente Maria Rosa Pacheco Vieirasuplente \u00c1lvaro Augusto Hallsuplente Jo\u00e3o Deom Perreirasuplente","_links":{"self":[{"href":"https:\/\/moradiaecidadania.org.br\/restrito\/wp-json\/wp\/v2\/pages\/852","targetHints":{"allow":["GET"]}}],"collection":[{"href":"https:\/\/moradiaecidadania.org.br\/restrito\/wp-json\/wp\/v2\/pages"}],"about":[{"href":"https:\/\/moradiaecidadania.org.br\/restrito\/wp-json\/wp\/v2\/types\/page"}],"author":[{"embeddable":true,"href":"https:\/\/moradiaecidadania.org.br\/restrito\/wp-json\/wp\/v2\/users\/1"}],"replies":[{"embeddable":true,"href":"https:\/\/moradiaecidadania.org.br\/restrito\/wp-json\/wp\/v2\/comments?post=852"}],"version-history":[{"count":0,"href":"https:\/\/moradiaecidadania.org.br\/restrito\/wp-json\/wp\/v2\/pages\/852\/revisions"}],"wp:featuredmedia":[{"embeddable":true,"href":"https:\/\/moradiaecidadania.org.br\/restrito\/wp-json\/"}],"wp:attachment":[{"href":"https:\/\/moradiaecidadania.org.br\/restrito\/wp-json\/wp\/v2\/media?parent=852"}],"curies":[{"name":"wp","href":"https:\/\/api.w.org\/{rel}","templated":true}]}}