{"id":5109,"date":"2016-06-17T14:58:55","date_gmt":"2016-06-17T17:58:55","guid":{"rendered":"https:\/\/moradiaecidadania.org.br\/?page_id=5109"},"modified":"2019-12-11T12:10:52","modified_gmt":"2019-12-11T15:10:52","slug":"missao","status":"publish","type":"page","link":"https:\/\/moradiaecidadania.org.br\/restrito\/missao\/","title":{"rendered":"Miss\u00e3o"},"content":{"rendered":"<p>&nbsp;<\/p>\n<p style=\"text-align: center;\"><span style=\"font-size: 14pt;\"><em><strong><span style=\"color: #000000;\">\u201cPromover a cidadania de popula\u00e7\u00f5es em situa\u00e7\u00e3o de vulnerabilidade social com \u00eanfase na educa\u00e7\u00e3o, <\/span><\/strong><\/em><em><strong><span style=\"color: #000000;\">gera\u00e7\u00e3o de trabalho e renda e a\u00e7\u00f5es de combate \u00e0 fome e \u00e0 mis\u00e9ria\u201d.<\/span><\/strong><\/em><\/span><\/p>\n<h3 style=\"text-align: justify;\"><span style=\"color: #000000; font-size: 12pt;\"><strong>Objetivos institucionais da Moradia e Cidadania:<\/strong><\/span><\/h3>\n<p style=\"text-align: justify;\"><span style=\"color: #000000;\"><strong>I <\/strong>\u2013 pautar a atua\u00e7\u00e3o pela \u00e9tica, a paz, a cidadania, a justi\u00e7a social, os direitos humanos e a democracia;<\/span><\/p>\n<p style=\"text-align: justify;\"><span style=\"color: #000000;\"><strong>II<\/strong> &#8211; desenvolver e apoiar projetos e a\u00e7\u00f5es integradas pr\u00f3prios ou em parceria, intermediando recursos financeiros em forma de cr\u00e9dito ou de microcr\u00e9dito, para viabilizar solu\u00e7\u00f5es de moradia, saneamento, educa\u00e7\u00e3o, emprego e renda, objetivando o desenvolvimento integrado e sustentado das comunidades;<\/span><\/p>\n<p style=\"text-align: justify;\"><span style=\"color: #000000;\"><strong>III<\/strong> \u2013 promover a gera\u00e7\u00e3o de trabalho e renda comunit\u00e1rios, por meio do ensino de pr\u00e1ticas produtivas cooperativistas e associativas de valor cultural e\/ou econ\u00f4mico, desenvolvendo projetos de educa\u00e7\u00e3o profissional, capacita\u00e7\u00e3o e treinamento para melhoria das condi\u00e7\u00f5es de vida da popula\u00e7\u00e3o de baixa renda;<\/span><\/p>\n<p style=\"text-align: justify;\"><span style=\"color: #000000;\"><strong>IV<\/strong> &#8211; trabalhar em prol das pessoas portadoras de defici\u00eancias, da mulher, da crian\u00e7a, do adolescente, do adulto e do idoso, em situa\u00e7\u00e3o de risco pessoal e social, combatendo todo tipo de discrimina\u00e7\u00e3o social, bem como o trabalho for\u00e7ado e o infantil;<\/span><\/p>\n<p style=\"text-align: justify;\"><span style=\"color: #000000;\"><strong>V<\/strong> \u2013 fomentar a\u00e7\u00f5es que contribuam para manter viva a mem\u00f3ria cultural popular relacionada aos usos, costumes e tradi\u00e7\u00f5es da diversidade cultural brasileira, promovendo a arte e a cultura, principalmente por meio do teatro, da m\u00fasica, da dan\u00e7a e das artes pl\u00e1sticas, a defesa e a conserva\u00e7\u00e3o do patrim\u00f4nio hist\u00f3rico e art\u00edstico;<\/span><\/p>\n<p style=\"text-align: justify;\"><span style=\"color: #000000;\"><strong>VI<\/strong> \u2013 promover o voluntariado, sensibilizar a sociedade e apoiar a\u00e7\u00f5es de mobiliza\u00e7\u00e3o social, de modo a contribuir para o efetivo e pleno desenvolvimento das comunidades;<\/span><\/p>\n<p style=\"text-align: justify;\"><span style=\"color: #000000;\"><strong>VII<\/strong> \u2013 promover o interc\u00e2mbio com entidades cient\u00edficas, de ensino e de desenvolvimento social, nacionais e internacionais, bem como o desenvolvimento de estudos, pesquisas, tecnologias alternativas, produ\u00e7\u00e3o e divulga\u00e7\u00e3o de informa\u00e7\u00f5es e conhecimentos t\u00e9cnicos e cient\u00edficos, visando \u00e0 concretiza\u00e7\u00e3o dos projetos sociais da MORADIA E CIDADANIA;<\/span><\/p>\n<p style=\"text-align: justify;\"><span style=\"color: #000000;\"><strong>VIII<\/strong> &#8211; prestar assessoria e consultoria t\u00e9cnica nas \u00e1reas de tecnologia social, de desenvolvimento urbano, de meio ambiente, de educa\u00e7\u00e3o, comunica\u00e7\u00e3o, arte, cultura, cidadania, mobiliza\u00e7\u00e3o social e de organiza\u00e7\u00e3o, bem como prestar servi\u00e7os de administra\u00e7\u00e3o, gerenciamento e controle financeiro da execu\u00e7\u00e3o de projetos, inclusive a entidades civis e governamentais, contribuindo para a sustentabilidade da MORADIA E CIDADANIA, podendo ainda, efetuar vendas de produtos, bens e servi\u00e7os, para obten\u00e7\u00e3o de recursos e receitas, visando o alcance dos seus fins;<\/span><\/p>\n<p style=\"text-align: justify;\"><span style=\"color: #000000;\"><strong>IX<\/strong> \u2013 sensibilizar a sociedade civil, organismos governamentais e n\u00e3o-governamentais, nacionais, internacionais, por meio de campanhas de esclarecimento, com o objetivo de se criar instrumentos que viabilizem programas para a promo\u00e7\u00e3o da qualidade de vida das pessoas, visando ao desenvolvimento social sustentado;<\/span><\/p>\n<p style=\"text-align: justify;\"><span style=\"color: #000000;\"><strong>X<\/strong> \u2013 promover e apoiar o desenvolvimento de cooperativas comunit\u00e1rias, associa\u00e7\u00f5es, ou aut\u00f4nomos informais, mediante a viabiliza\u00e7\u00e3o de recursos financeiros e materiais, e a capacita\u00e7\u00e3o t\u00e9cnica e profissional das pessoas assistidas;<\/span><\/p>\n<p style=\"text-align: justify;\"><span style=\"color: #000000;\"><strong>XI<\/strong> \u2013 promover e apoiar a\u00e7\u00f5es de preserva\u00e7\u00e3o da sa\u00fade e programas conjugados de educa\u00e7\u00e3o de base, saneamento e habita\u00e7\u00e3o, preserva\u00e7\u00e3o e defesa do meio ambiente e objetivando o desenvolvimento sustentado; e<\/span><\/p>\n<p style=\"text-align: justify;\"><span style=\"color: #000000;\"><strong>XII<\/strong> \u2013 divulgar as atividades, projetos e realiza\u00e7\u00f5es em que tiver participa\u00e7\u00e3o.<\/span><\/p>\n<p style=\"text-align: justify;\"><span style=\"color: #000000;\"><strong>Par\u00e1grafo \u00danico<\/strong> \u2013 A dedica\u00e7\u00e3o \u00e0s atividades acima previstas configura-se pela aplica\u00e7\u00e3o de suas receitas, rendas, rendimentos e o eventual resultado operacional integralmente no territ\u00f3rio nacional, mediante a execu\u00e7\u00e3o direta de projetos, programas, planos de a\u00e7\u00f5es correlatas, por meio da doa\u00e7\u00e3o de recursos f\u00edsicos, humanos e financeiros, ou ainda pela presta\u00e7\u00e3o de servi\u00e7os intermedi\u00e1rios de apoio a outras organiza\u00e7\u00f5es, sem fins lucrativos, e a \u00f3rg\u00e3os do setor p\u00fablico que atuem em \u00e1reas afins.<\/span><\/p>\n<p>&nbsp;<\/p>\n","protected":false},"excerpt":{"rendered":"<p>&nbsp; \u201cPromover a cidadania de popula\u00e7\u00f5es em situa\u00e7\u00e3o de vulnerabilidade social com \u00eanfase na educa\u00e7\u00e3o, gera\u00e7\u00e3o de trabalho e renda e a\u00e7\u00f5es de combate \u00e0 fome e \u00e0 mis\u00e9ria\u201d. Objetivos institucionais da Moradia e Cidadania: I \u2013 pautar a atua\u00e7\u00e3o pela \u00e9tica, a paz, a cidadania, a justi\u00e7a social, os direitos humanos e a democracia; [&hellip;]<\/p>\n","protected":false},"author":1,"featured_media":0,"parent":0,"menu_order":0,"comment_status":"closed","ping_status":"closed","template":"","meta":{"_uag_custom_page_level_css":"","site-sidebar-layout":"default","site-content-layout":"","ast-site-content-layout":"default","site-content-style":"default","site-sidebar-style":"default","ast-global-header-display":"","ast-banner-title-visibility":"","ast-main-header-display":"","ast-hfb-above-header-display":"","ast-hfb-below-header-display":"","ast-hfb-mobile-header-display":"","site-post-title":"","ast-breadcrumbs-content":"","ast-featured-img":"","footer-sml-layout":"","theme-transparent-header-meta":"","adv-header-id-meta":"","stick-header-meta":"","header-above-stick-meta":"","header-main-stick-meta":"","header-below-stick-meta":"","astra-migrate-meta-layouts":"default","ast-page-background-enabled":"default","ast-page-background-meta":{"desktop":{"background-color":"var(--ast-global-color-4)","background-image":"","background-repeat":"repeat","background-position":"center center","background-size":"auto","background-attachment":"scroll","background-type":"","background-media":"","overlay-type":"","overlay-color":"","overlay-opacity":"","overlay-gradient":""},"tablet":{"background-color":"","background-image":"","background-repeat":"repeat","background-position":"center center","background-size":"auto","background-attachment":"scroll","background-type":"","background-media":"","overlay-type":"","overlay-color":"","overlay-opacity":"","overlay-gradient":""},"mobile":{"background-color":"","background-image":"","background-repeat":"repeat","background-position":"center center","background-size":"auto","background-attachment":"scroll","background-type":"","background-media":"","overlay-type":"","overlay-color":"","overlay-opacity":"","overlay-gradient":""}},"ast-content-background-meta":{"desktop":{"background-color":"var(--ast-global-color-5)","background-image":"","background-repeat":"repeat","background-position":"center center","background-size":"auto","background-attachment":"scroll","background-type":"","background-media":"","overlay-type":"","overlay-color":"","overlay-opacity":"","overlay-gradient":""},"tablet":{"background-color":"var(--ast-global-color-5)","background-image":"","background-repeat":"repeat","background-position":"center center","background-size":"auto","background-attachment":"scroll","background-type":"","background-media":"","overlay-type":"","overlay-color":"","overlay-opacity":"","overlay-gradient":""},"mobile":{"background-color":"var(--ast-global-color-5)","background-image":"","background-repeat":"repeat","background-position":"center center","background-size":"auto","background-attachment":"scroll","background-type":"","background-media":"","overlay-type":"","overlay-color":"","overlay-opacity":"","overlay-gradient":""}},"footnotes":""},"class_list":["post-5109","page","type-page","status-publish","hentry"],"uagb_featured_image_src":{"full":false,"thumbnail":false,"medium":false,"medium_large":false,"large":false,"1536x1536":false,"2048x2048":false},"uagb_author_info":{"display_name":"gebar23","author_link":"https:\/\/moradiaecidadania.org.br\/restrito\/author\/gebar23\/"},"uagb_comment_info":0,"uagb_excerpt":"&nbsp; \u201cPromover a cidadania de popula\u00e7\u00f5es em situa\u00e7\u00e3o de vulnerabilidade social com \u00eanfase na educa\u00e7\u00e3o, gera\u00e7\u00e3o de trabalho e renda e a\u00e7\u00f5es de combate \u00e0 fome e \u00e0 mis\u00e9ria\u201d. Objetivos institucionais da Moradia e Cidadania: I \u2013 pautar a atua\u00e7\u00e3o pela \u00e9tica, a paz, a cidadania, a justi\u00e7a social, os direitos humanos e a democracia;&hellip;","_links":{"self":[{"href":"https:\/\/moradiaecidadania.org.br\/restrito\/wp-json\/wp\/v2\/pages\/5109","targetHints":{"allow":["GET"]}}],"collection":[{"href":"https:\/\/moradiaecidadania.org.br\/restrito\/wp-json\/wp\/v2\/pages"}],"about":[{"href":"https:\/\/moradiaecidadania.org.br\/restrito\/wp-json\/wp\/v2\/types\/page"}],"author":[{"embeddable":true,"href":"https:\/\/moradiaecidadania.org.br\/restrito\/wp-json\/wp\/v2\/users\/1"}],"replies":[{"embeddable":true,"href":"https:\/\/moradiaecidadania.org.br\/restrito\/wp-json\/wp\/v2\/comments?post=5109"}],"version-history":[{"count":0,"href":"https:\/\/moradiaecidadania.org.br\/restrito\/wp-json\/wp\/v2\/pages\/5109\/revisions"}],"wp:attachment":[{"href":"https:\/\/moradiaecidadania.org.br\/restrito\/wp-json\/wp\/v2\/media?parent=5109"}],"curies":[{"name":"wp","href":"https:\/\/api.w.org\/{rel}","templated":true}]}}